{"id":648,"date":"2012-09-27T19:07:50","date_gmt":"2012-09-27T19:07:50","guid":{"rendered":"http:\/\/4viento.info\/blog\/?p=648"},"modified":"2015-01-22T22:29:10","modified_gmt":"2015-01-23T04:29:10","slug":"politicas-y-antispam","status":"publish","type":"page","link":"https:\/\/4viento.info\/blog\/politicas-y-antispam\/","title":{"rendered":"Pol\u00edticas y privacidad"},"content":{"rendered":"<p class=\"Estilo8\" style=\"text-align: justify;\"><span style=\"font-size: 14pt; color: #ff6600;\"><strong>POL\u00cdTICAS<\/strong><\/span><\/p>\n<table style=\"width: 700px; height: 40px;\" border=\"1\" cellspacing=\"0\" cellpadding=\"5\" bgcolor=\"#FFFFFF\">\n<tbody>\n<tr>\n<td bgcolor=\"#FFFFFF\" width=\"95\"><a class=\"Estilo7\" href=\"#Contraladiscriminaci\u00f3n\">Contra la discriminaci\u00f3n<\/a><\/td>\n<td width=\"87\"><a class=\"Estilo7\" href=\"#psicotr\u00f3picos\">Contra los psicotr\u00f3picos<\/a><\/td>\n<td width=\"168\"><a class=\"Estilo7\" href=\"#filosofias\">De las filosof\u00edas de otras tradiciones<\/a><\/td>\n<td width=\"106\"><a class=\"Estilo7\" href=\"#spam\">Contra el Spam y privacidad<\/a><\/td>\n<td width=\"115\"><a class=\"Estilo7\" href=\"#reservaciones\">De reservaciones<\/a><\/td>\n<td width=\"117\"><a class=\"Estilo7\" href=\"#salud\">De salud p\u00fablica<\/a><\/td>\n<\/tr>\n<\/tbody>\n<\/table>\n<p class=\"Estilo12\" style=\"text-align: justify;\"><a id=\"Contraladiscriminaci\u00f3n\" name=\"Contraladiscriminaci\u00f3n\"><\/a><span style=\"font-size: 12pt;\"><strong>Contra la discriminaci\u00f3n<\/strong><\/span><\/p>\n<p class=\"Estilo7\" style=\"text-align: justify;\">Desaprobamos cualquier clase de discriminaci\u00f3n o racismo, ya sea por color de la piel, g\u00e9nero, credo, idioma, nacionalidad, preferencias pol\u00edticas, preferencias de convivencia, origen \u00e9tnico, identificaci\u00f3n cultural, o cualquier otra forma de distinci\u00f3n peyorativa, en pro de la unidad y respeto que todo ser humano merece.<\/p>\n<table style=\"width: 700px; height: 40px;\" border=\"1\" cellspacing=\"0\" cellpadding=\"5\" bgcolor=\"#FFFFFF\">\n<tbody>\n<tr>\n<td bgcolor=\"#FFFFFF\" width=\"95\"><a class=\"Estilo7\" href=\"#Contraladiscriminaci\u00f3n\">Contra la discriminaci\u00f3n<\/a><\/td>\n<td width=\"87\"><a class=\"Estilo7\" href=\"#psicotr\u00f3picos\">Contra los psicotr\u00f3picos<\/a><\/td>\n<td width=\"168\"><a class=\"Estilo7\" href=\"#filosofias\">De las filosof\u00edas de otras tradiciones<\/a><\/td>\n<td width=\"106\"><a class=\"Estilo7\" href=\"#spam\">Contra el Spam <\/a><a class=\"Estilo7\" href=\"#spam\">y privacidad<\/a><\/td>\n<td width=\"115\"><a class=\"Estilo7\" href=\"#reservaciones\">De reservaciones<\/a><\/td>\n<td width=\"117\"><a class=\"Estilo7\" href=\"#salud\">De salud p\u00fablica<\/a><\/td>\n<\/tr>\n<\/tbody>\n<\/table>\n<p class=\"Estilo12\" style=\"text-align: justify;\"><a id=\"psicotr\u00f3picos\" name=\"psicotr\u00f3picos\"><\/a><span style=\"font-size: 12pt;\"><strong>Contra los psicotr\u00f3picos<\/strong><\/span><\/p>\n<p class=\"Estilo7\" style=\"text-align: justify;\">Aunque algunos psicotr\u00f3picos son utilizados responsablemente por varias naciones ind\u00edgenas, desaprobamos su uso fuera de contexto, en primer lugar por estar penado por la ley, en segundo lugar porque no aceptamos que distintos rituales con distintas formas se combinen entre s\u00ed, modificando las formas originales y poniendo en riesgo las salud f\u00edsica o mental de las personas.<\/p>\n<table style=\"width: 700px; height: 40px;\" border=\"1\" cellspacing=\"0\" cellpadding=\"5\" bgcolor=\"#FFFFFF\">\n<tbody>\n<tr>\n<td bgcolor=\"#FFFFFF\" width=\"95\"><a class=\"Estilo7\" href=\"#Contraladiscriminaci\u00f3n\">Contra la discriminaci\u00f3n<\/a><\/td>\n<td width=\"87\"><a class=\"Estilo7\" href=\"#psicotr\u00f3picos\">Contra los psicotr\u00f3picos<\/a><\/td>\n<td width=\"168\"><a class=\"Estilo7\" href=\"#filosofias\">De las filosof\u00edas de otras tradiciones<\/a><\/td>\n<td width=\"106\"><a class=\"Estilo7\" href=\"#spam\">Contra el Spam <\/a><a class=\"Estilo7\" href=\"#spam\">y privacidad<\/a><\/td>\n<td width=\"115\"><a class=\"Estilo7\" href=\"#reservaciones\">De reservaciones<\/a><\/td>\n<td width=\"117\"><a class=\"Estilo7\" href=\"#salud\">De salud p\u00fablica<\/a><\/td>\n<\/tr>\n<\/tbody>\n<\/table>\n<p class=\"Estilo12\" style=\"text-align: justify;\"><a id=\"filosofias\" name=\"filosofias\"><\/a><span style=\"font-size: 12pt;\"><strong>De las filosof\u00edas de otras tradiciones<\/strong><\/span><\/p>\n<p class=\"Estilo7\" style=\"text-align: justify;\">Estamos comprometidos a escuchar y compartir de todas las filosof\u00edas y cosmovisiones, siempre desde un punto de vista anal\u00edtico y nunca de forma dogm\u00e1tica ni fuera de la legislaci\u00f3n vigente. Pero debido al respeto y responsabilidad que ser Guardi\u00e1n de la Tradici\u00f3n implica (y tambi\u00e9n por respeto a las otras filosof\u00edas), exhortamos a los y las representantes de otras cosmovisiones a respetar las formas originales de los rituales, por lo que nosotros como gu\u00edas del temazcal daremos la oportunidad de que todos tengan un espacio para compartir sus filosof\u00edas sin que signifique &#8220;revolver tradiciones&#8221;. De hecho, nosotros en ocasiones ofrecemos clases de yoga, pero completamente fuera de los rituales ancestrales, para ofrecer a estos \u00faltimos su propio contexto.<\/p>\n<table style=\"width: 700px; height: 40px;\" border=\"1\" cellspacing=\"0\" cellpadding=\"5\" bgcolor=\"#FFFFFF\">\n<tbody>\n<tr>\n<td bgcolor=\"#FFFFFF\" width=\"95\"><a class=\"Estilo7\" href=\"#Contraladiscriminaci\u00f3n\">Contra la discriminaci\u00f3n<\/a><\/td>\n<td width=\"87\"><a class=\"Estilo7\" href=\"#psicotr\u00f3picos\">Contra los psicotr\u00f3picos<\/a><\/td>\n<td width=\"168\"><a class=\"Estilo7\" href=\"#filosofias\">De las filosof\u00edas de otras tradiciones<\/a><\/td>\n<td width=\"106\"><a class=\"Estilo7\" href=\"#spam\">Contra el Spam <\/a><a class=\"Estilo7\" href=\"#spam\">y privacidad<\/a><\/td>\n<td width=\"115\"><a class=\"Estilo7\" href=\"#reservaciones\">De reservaciones<\/a><\/td>\n<td width=\"117\"><a class=\"Estilo7\" href=\"#salud\">De salud p\u00fablica<\/a><\/td>\n<\/tr>\n<\/tbody>\n<\/table>\n<p class=\"Estilo12\" style=\"text-align: justify;\"><a id=\"spam\" name=\"spam\"><\/a><span style=\"font-size: 12pt;\"><strong>Contra el Spam y Privacidad<br \/>\n<\/strong><\/span><\/p>\n<p class=\"Estilo7\" style=\"text-align: justify;\">Estamos en contra de cualquier forma de correo no deseado, por ser ilegal en muchos pa\u00edses pero tambi\u00e9n por ser un atentado contra la privacidad de las personas. Por lo mismo, somos plenamente responsables de los datos personales como nombre, correo, tel\u00e9fonos, direcciones, etc., us\u00e1ndolos s\u00f3lamente para lo que prometemos en cada caso, como el env\u00edo de promociones, boletines informativos, regalos, etc. Nunca mandaremos mensajes ni informaci\u00f3n a personas que no lo solicitan. Nunca, absolutamente nunca utilizaremos esa informaci\u00f3n con otros fines, ni la cederemos o venderemos a terceros. Cada persona que deja alguno o varios datos personales siempre tendr\u00e1 la posibilidad de cancelar su suscripci\u00f3n o de dejar de recibir nuestros correos tan s\u00f3lo con dar click al link inferior de cada mensaje, sin ning\u00fan tr\u00e1mite extra. Para evitar que alguien env\u00ede informaci\u00f3n personal a nuestra base de datos a nombre de otra persona sin su autorizaci\u00f3n, enviaremos un email de autorizaci\u00f3n al correo solicitante, y s\u00f3lo hasta que el due\u00f1o de ese correo lo autorice, enviaremos la informaci\u00f3n solicitada.<\/p>\n<table style=\"width: 700px; height: 40px;\" border=\"1\" cellspacing=\"0\" cellpadding=\"5\" bgcolor=\"#FFFFFF\">\n<tbody>\n<tr>\n<td bgcolor=\"#FFFFFF\" width=\"95\"><a class=\"Estilo7\" href=\"#Contraladiscriminaci\u00f3n\">Contra la discriminaci\u00f3n<\/a><\/td>\n<td width=\"87\"><a class=\"Estilo7\" href=\"#psicotr\u00f3picos\">Contra los psicotr\u00f3picos<\/a><\/td>\n<td width=\"168\"><a class=\"Estilo7\" href=\"#filosofias\">De las filosof\u00edas de otras tradiciones<\/a><\/td>\n<td width=\"106\"><a class=\"Estilo7\" href=\"#spam\">Contra el Spam<\/a> <a class=\"Estilo7\" href=\"#spam\">y privacidad<\/a><\/td>\n<td width=\"115\"><a class=\"Estilo7\" href=\"#reservaciones\">De reservaciones<\/a><\/td>\n<td width=\"117\"><a class=\"Estilo7\" href=\"#salud\">De salud p\u00fablica<\/a><\/td>\n<\/tr>\n<\/tbody>\n<\/table>\n<p class=\"Estilo12\" style=\"text-align: justify;\"><a id=\"reservaciones\" name=\"reservaciones\"><\/a><span style=\"font-size: 12pt;\"><strong>De reservaciones<\/strong><\/span><\/p>\n<p class=\"Estilo7\" style=\"text-align: justify;\">La reservaci\u00f3n consiste en una llamada telef\u00f3nica o un env\u00edo de correo electr\u00f3nico. Puede ser pagada a trav\u00e9s de Paypal, transferencia electr\u00f3nica, dep\u00f3sito bancario en ventanilla o pago en efectivo llegando al temazcal, aunque tendr\u00e1n preferencia en la disponibilidad quienes hayan anticipado su pago.<\/p>\n<p class=\"Estilo7\" style=\"text-align: justify;\">La reservaci\u00f3n es un compromiso de ambas partes, por lo que nos comprometemos a realizar el servicio reservado a cabalidad. Si por alg\u00fan motivo de fuerza superior (como un terremoto o enfermedad) fuera imposible dar el servicio, nos comprometemos a asignar una nueva fecha para su cumplimiento o la devoluci\u00f3n del 100% del monto.<\/p>\n<p class=\"Estilo7\" style=\"text-align: justify;\">Si el o la cliente no puede cumplir con su reservaci\u00f3n, \u00e9sta se programar\u00e1 para otra fecha, y si el o la cliente requieren la devoluci\u00f3n de su dinero, se proceder\u00e1 de la siguiente forma:<\/p>\n<p class=\"Estilo7\" style=\"text-align: justify;\">Debido a los porcentajes cobrados por bancos y por Paypal en las transacciones, se devolver\u00e1 el 90% del monto, siempre y cuando la cancelaci\u00f3n sea con tres d\u00edas naturales de anticipaci\u00f3n. Si la cancelaci\u00f3n se ha realizado en menos de tres d\u00edas, se devolver\u00e1 s\u00f3lamente el 70%.<\/p>\n<p class=\"Estilo7\" style=\"text-align: justify;\">Esto es debido a que muchos servicios son grupales, y cada vez que alguien cancela sin suficiente tiempo de anticipaci\u00f3n, es imposible adaptarnos, y nos vemos obligados a hacer los mismos gastos de log\u00edstica para responder a los dem\u00e1s clientes.<\/p>\n<table style=\"width: 700px; height: 40px;\" border=\"1\" cellspacing=\"0\" cellpadding=\"5\" bgcolor=\"#FFFFFF\">\n<tbody>\n<tr>\n<td bgcolor=\"#FFFFFF\" width=\"95\"><a class=\"Estilo7\" href=\"#Contraladiscriminaci\u00f3n\">Contra la discriminaci\u00f3n<\/a><\/td>\n<td width=\"87\"><a class=\"Estilo7\" href=\"#psicotr\u00f3picos\">Contra los psicotr\u00f3picos<\/a><\/td>\n<td width=\"168\"><a class=\"Estilo7\" href=\"#filosofias\">De las filosof\u00edas de otras tradiciones<\/a><\/td>\n<td width=\"106\"><a class=\"Estilo7\" href=\"#spam\">Contra el Spam<\/a> <a class=\"Estilo7\" href=\"#spam\">y privacidad<\/a><\/td>\n<td width=\"115\"><a class=\"Estilo7\" href=\"#reservaciones\">De reservaciones<\/a><\/td>\n<td width=\"117\"><a class=\"Estilo7\" href=\"#salud\">De salud p\u00fablica<\/a><\/td>\n<\/tr>\n<\/tbody>\n<\/table>\n<p class=\"Estilo7\" style=\"text-align: justify;\"><strong><a id=\"salud\" name=\"salud\"><\/a><span style=\"font-size: 12pt;\">De salud p\u00fablica<\/span><\/strong><\/p>\n<p class=\"Estilo7\" style=\"text-align: justify;\">Tenemos todos los cuidados y la higiene para proteger la salud p\u00fablica.Aunque ofrecemos alternativas a la medicina al\u00f3pata, respetamos a cabalidad las indicaciones m\u00e9dicas que cada cliente nos indica. Por lo mismo exhortamos a cada cliente que nos avise de su estado de salud antes de hacer su reservaci\u00f3n, sobre todo si se tiene c\u00e1ncer, diabetes, cardiopat\u00edas, v\u00e1rices, hipertensi\u00f3n, hipoglucemia, migra\u00f1a, c\u00f3agulos de colesterol o triglic\u00e9ridos, deshidrataci\u00f3n, esquizofrenia, o alg\u00fan otro padecimiento de cuidado. En todos estos casos, aunque tenemos el conocimiento de su tratamiento adecuado, se requiere de autorizaci\u00f3n m\u00e9dica para poder asistir.<\/p>\n<p class=\"Estilo7\" style=\"text-align: justify;\">Se recomienda asistir con clanclas, dos toallas, ropa c\u00f3moda (short y playera) o traje de ba\u00f1o, y ropa abrigadora.<\/p>\n<p class=\"Estilo7\" style=\"text-align: justify;\">No asistir con enfermedades contagiosas, ni bajo los efectos de estupefacientes, ni con armas.<\/p>\n<table style=\"width: 700px; height: 40px;\" border=\"1\" cellspacing=\"0\" cellpadding=\"5\" bgcolor=\"#FFFFFF\">\n<tbody>\n<tr>\n<td style=\"text-align: justify;\" bgcolor=\"#FFFFFF\" width=\"95\"><a class=\"Estilo7\" href=\"#Contraladiscriminaci\u00f3n\">Contra la discriminaci\u00f3n<\/a><\/td>\n<td style=\"text-align: justify;\" width=\"87\"><a class=\"Estilo7\" href=\"#psicotr\u00f3picos\">Contra los psicotr\u00f3picos<\/a><\/td>\n<td style=\"text-align: justify;\" width=\"168\"><a class=\"Estilo7\" href=\"#filosofias\">De las filosof\u00edas de otras tradiciones<\/a><\/td>\n<td style=\"text-align: justify;\" width=\"106\"><a class=\"Estilo7\" href=\"#spam\">Contra el Spam<\/a> <a class=\"Estilo7\" href=\"#spam\">y privacidad<\/a><\/td>\n<td style=\"text-align: justify;\" width=\"115\"><a class=\"Estilo7\" href=\"#reservaciones\">De reservaciones<\/a><\/td>\n<td style=\"text-align: justify;\" width=\"117\"><a class=\"Estilo7\" href=\"#salud\">De salud p\u00fablica<\/a><\/td>\n<\/tr>\n<\/tbody>\n<\/table>\n<p><\/p>","protected":false},"excerpt":{"rendered":"<p>POL\u00cdTICAS Contra la discriminaci\u00f3n Contra los psicotr\u00f3picos De las filosof\u00edas de otras tradiciones Contra el Spam y privacidad De reservaciones De salud p\u00fablica Contra la discriminaci\u00f3n Desaprobamos cualquier clase de discriminaci\u00f3n o racismo, ya sea por color de la piel, g\u00e9nero, credo, idioma, nacionalidad, preferencias pol\u00edticas, preferencias de convivencia, origen [&hellip;]<\/p>\n","protected":false},"author":1,"featured_media":0,"parent":0,"menu_order":1,"comment_status":"open","ping_status":"open","template":"","meta":{"footnotes":""},"class_list":["post-648","page","type-page","status-publish","hentry"],"aioseo_notices":[],"_links":{"self":[{"href":"https:\/\/4viento.info\/blog\/wp-json\/wp\/v2\/pages\/648","targetHints":{"allow":["GET"]}}],"collection":[{"href":"https:\/\/4viento.info\/blog\/wp-json\/wp\/v2\/pages"}],"about":[{"href":"https:\/\/4viento.info\/blog\/wp-json\/wp\/v2\/types\/page"}],"author":[{"embeddable":true,"href":"https:\/\/4viento.info\/blog\/wp-json\/wp\/v2\/users\/1"}],"replies":[{"embeddable":true,"href":"https:\/\/4viento.info\/blog\/wp-json\/wp\/v2\/comments?post=648"}],"version-history":[{"count":5,"href":"https:\/\/4viento.info\/blog\/wp-json\/wp\/v2\/pages\/648\/revisions"}],"predecessor-version":[{"id":4396,"href":"https:\/\/4viento.info\/blog\/wp-json\/wp\/v2\/pages\/648\/revisions\/4396"}],"wp:attachment":[{"href":"https:\/\/4viento.info\/blog\/wp-json\/wp\/v2\/media?parent=648"}],"curies":[{"name":"wp","href":"https:\/\/api.w.org\/{rel}","templated":true}]}}