{"id":593,"date":"2012-09-22T21:51:12","date_gmt":"2012-09-23T03:51:12","guid":{"rendered":"http:\/\/4viento.info\/blog\/?p=593"},"modified":"2018-07-07T18:21:24","modified_gmt":"2018-07-07T23:21:24","slug":"nosotros-2","status":"publish","type":"page","link":"https:\/\/4viento.info\/blog\/nosotros-2\/","title":{"rendered":"Nosotros"},"content":{"rendered":"<table width=\"100%\" align=\"center\">\n<tbody>\n<tr>\n<td width=\"&quot;33%\">\n<p align=\"center\"><img loading=\"lazy\" decoding=\"async\" class=\"aligncenter size-medium wp-image-4988\" src=\"https:\/\/4viento.info\/blog\/wp-content\/uploads\/2012\/09\/WhatsApp-Image-2016-10-01-at-20.50.13.2-168x300.jpeg\" alt=\"WhatsApp Image 2016-10-01 at 20.50.13.2\" width=\"168\" height=\"300\" srcset=\"https:\/\/4viento.info\/blog\/wp-content\/uploads\/2012\/09\/WhatsApp-Image-2016-10-01-at-20.50.13.2-168x300.jpeg 168w, https:\/\/4viento.info\/blog\/wp-content\/uploads\/2012\/09\/WhatsApp-Image-2016-10-01-at-20.50.13.2-575x1024.jpeg 575w, https:\/\/4viento.info\/blog\/wp-content\/uploads\/2012\/09\/WhatsApp-Image-2016-10-01-at-20.50.13.2.jpeg 584w\" sizes=\"auto, (max-width: 168px) 100vw, 168px\" \/><\/p>\n<\/td>\n<td width=\"&quot;33%\">\n<p align=\"center\"><img loading=\"lazy\" decoding=\"async\" class=\"aligncenter size-medium wp-image-4989\" src=\"https:\/\/4viento.info\/blog\/wp-content\/uploads\/2012\/09\/conferencia-temazcal-embajada-madrid-2018-300x170.jpg\" alt=\"conferencia temazcal embajada madrid 2018\" width=\"300\" height=\"170\" srcset=\"https:\/\/4viento.info\/blog\/wp-content\/uploads\/2012\/09\/conferencia-temazcal-embajada-madrid-2018-300x170.jpg 300w, https:\/\/4viento.info\/blog\/wp-content\/uploads\/2012\/09\/conferencia-temazcal-embajada-madrid-2018-768x436.jpg 768w, https:\/\/4viento.info\/blog\/wp-content\/uploads\/2012\/09\/conferencia-temazcal-embajada-madrid-2018-1024x581.jpg 1024w, https:\/\/4viento.info\/blog\/wp-content\/uploads\/2012\/09\/conferencia-temazcal-embajada-madrid-2018.jpg 1280w\" sizes=\"auto, (max-width: 300px) 100vw, 300px\" \/><\/p>\n<\/td>\n<td width=\"&quot;33%\"><a href=\"https:\/\/www.amazon.com\/Temazcal-vientre-Madre-Tierra-Spanish\/dp\/1719373841\/ref=sr_1_4?ie=UTF8&amp;qid=1530978829&amp;sr=8-4&amp;keywords=temazcal\" target=\"_blank\"><br \/>\n<\/a><\/p>\n<p align=\"center\"><img loading=\"lazy\" decoding=\"async\" class=\"aligncenter wp-image-4990 size-medium\" src=\"https:\/\/4viento.info\/blog\/wp-content\/uploads\/2012\/09\/libro-amazon-195x300.jpg\" alt=\"temazcal en el vientre de la Madre Tierra\" width=\"195\" height=\"300\" srcset=\"https:\/\/4viento.info\/blog\/wp-content\/uploads\/2012\/09\/libro-amazon-195x300.jpg 195w, https:\/\/4viento.info\/blog\/wp-content\/uploads\/2012\/09\/libro-amazon.jpg 324w\" sizes=\"auto, (max-width: 195px) 100vw, 195px\" \/><\/p>\n<\/td>\n<\/tr>\n<tr>\n<td style=\"text-align: center; font-size: smaller;\">Prof. Juan Fonseca<br \/>\nNahuehekame Xiuhketzal<\/td>\n<td style=\"text-align: center; font-size: smaller;\">Conferencia sobre Temazcal en la Embajada<br \/>\nde M\u00e9xico en Madrid, Espa\u00f1a<\/td>\n<td>\n<p style=\"text-align: center; font-size: smaller;\">Autor del libro <a href=\"https:\/\/www.amazon.com\/Temazcal-vientre-Madre-Tierra-Spanish\/dp\/1719373841\/ref=sr_1_4?ie=UTF8&amp;qid=1530978829&amp;sr=8-4&amp;keywords=temazcal\" target=\"_blank\">Temazcal: en<\/a><br \/>\n<a href=\"https:\/\/www.amazon.com\/Temazcal-vientre-Madre-Tierra-Spanish\/dp\/1719373841\/ref=sr_1_4?ie=UTF8&amp;qid=1530978829&amp;sr=8-4&amp;keywords=temazcal\" target=\"_blank\">el Vientre de la Madre Tierra<\/a><\/p>\n<\/td>\n<\/tr>\n<\/tbody>\n<\/table>\n<div class=\"omsc-accordion\"><br \/>\n<div class=\"omsc-toggle omsc-expanded\"><div class=\"omsc-toggle-title\">Juan Fonseca Nahuehekame Xiuhketzal (Cuatro Vientos Pluma de Energ\u00eda)<\/div><div class=\"omsc-toggle-inner\" style=\"display:block\"><\/p>\n<p style=\"text-align: center;\"><span style=\"font-size: 14pt; background-color: #ffffff; color: #ff6600;\"><strong>Juan Fonseca <\/strong><\/span><span style=\"font-size: 14pt; background-color: #ffffff; color: #ff6600;\"><strong>Nahuehekame Xiuhketzal <\/strong><\/span><br \/>\n<span style=\"font-size: 14pt; background-color: #ffffff; color: #ff6600;\"><strong><br \/>\n<\/strong><\/span><\/p>\n<p style=\"text-align: justify;\"><strong>Escritor, conferencista, fil\u00f3sofo, <em>teopixke<\/em><\/strong> (Guardi\u00e1n de la Tradici\u00f3n), autor del libro <a href=\"https:\/\/www.amazon.com\/Temazcal-vientre-Madre-Tierra-Spanish\/dp\/1719373841\/ref=sr_1_4?ie=UTF8&amp;qid=1530978829&amp;sr=8-4&amp;keywords=temazcal\" target=\"_blank\">Temazcal: en el vientre de la Madre Tierra<\/a><\/p>\n<p>Estudi\u00f3 filosof\u00eda en la Facultal de Filosof\u00eda y Letras (FFyL) de la <strong>UNAM<\/strong>. Desde 1997 ha sido miembro act\u00edvo y cr\u00edtico constructivo del Movimiento de la <strong>Mexicanidad<\/strong>, habi\u00e9ndose iniciado en el Kalpulli Inkalli Ixkahuikopa de la UAM Azcapotzalco, bajo la ense\u00f1anza del temachtiani Itzkuauhtli.<\/p>\n<p>Heredero de los saberes de <strong>don Francisco Jim\u00e9nez<\/strong> y de <strong>Miguel Flores Ehekamitl<\/strong>, recibi\u00f3 del primero el t\u00edtulo de Teopixke (Guardi\u00e1n de lo Sagrado) y fue nombrado por el segundo Jefe de la Danza del Sol en Tepe\u00edte, Cuernavaca. Custodio del m\u00e9todo de la Tradici\u00f3n Oral, es guardi\u00e1n de los Cantos Sagrados, la Historia Oral, la Danza Prekuauht\u00e9mika y el Temazcal, entre otros saberes.<\/p>\n<p>En su carrera de filosof\u00eda se especializ\u00f3 en el estudio de las <strong>cosmovisiones de los pueblos originarios<\/strong>, siendo alumno del Doctor en Filosof\u00eda, el <strong>tzotzil Miguel Hern\u00e1ndez<\/strong> en la c\u00e1tedra de Problemas de Filosof\u00eda en M\u00e9xico. Tambi\u00e9n estudi\u00f3 en el <strong>Seminario de Cosmovisi\u00f3n Ind\u00edgena<\/strong> en el cual comenz\u00f3 su relaci\u00f3n con la <strong>Asamblea de Migrantes Ind\u00edgenas del D.F<\/strong>. y su director, el Ayuujk <strong>don Pedro Gon\u00e1lez<\/strong> y el nahuatini <strong>Santos de la Cruz Hern\u00e1ndez<\/strong>; miembro del Seminario de <strong>M\u00e9xico Naci\u00f3n Multicultural<\/strong> de la UNAM, ha dialogado con el luchador n\u00e1huatl y etnohistoriador don <strong>Z\u00f3simo Hern\u00e1ndez<\/strong> y el etn\u00f3logo Jos\u00e9 del Val Blanco.<\/p>\n<p>Ha sido alumno del Antrop\u00f3logo M\u00e9dico Erick Estrada Lugo, de la c\u00e1tedra de <strong>Medicina Sagrada<\/strong> de la Universidad Aut\u00f3noma de Chapingo. Estudi\u00f3 n\u00e1huatl de la variante de la Huasteca de Veracruz con el nahuatlahto Andr\u00e9s Mart\u00ednez Mart\u00ednez. En la actualidad es miembro del equipo de investigaci\u00f3n de Mesoam\u00e9rica que dirige el Doctor en Filosof\u00eda Vict\u00f3rico Mu\u00f1oz Rosales.<\/p>\n<p>Desde 2004 trabaja en el temazcal de un ejido otom\u00ed con la familia de <strong>don Romualdo Santiago<\/strong>, \u00faltimo guardi\u00e1n del linaje \u00f1ah\u00f1\u00fa de Tepatlaxco, Naucalpan. Ha impartido numerosos cursos, talleres y conferencias en Cape, en la Fundaci\u00f3n Sophia de M\u00e9xico, en el Centro Nahualli, en la Universidad del Valle de M\u00e9xico, y en lugares como el World Trade Center de la Ciudad de M\u00e9xico; la <strong>Embajada de Mexico en Madrid, Espa\u00f1a<\/strong>; y en <strong>Afic, en Reus, Tarragona, Espa\u00f1a<\/strong>, entre otros.<\/p>\n<p style=\"text-align: justify;\"><span style=\"font-size: 12pt; color: #333333;\"><strong>Creador del documental<\/strong> <strong>&#8220;Temazcal: lo sagrado en la medicina ancestral&#8221;<\/strong>, corregido por el famoso <strong>M.C. Erick Estrada Lugo<\/strong>, uno de los m\u00e1s importantes investigadores de la medicina natural de nuestro pa\u00eds, y de quien tambi\u00e9n fue alumno.<\/span><\/p>\n<p>Celular y WhatsApp: 55 6693 5646<\/p>\n<p>&nbsp;<\/p>\n<p><\/div><\/div><br \/>\n<div class=\"omsc-toggle\"><div class=\"omsc-toggle-title\">Entrevistas<\/div><div class=\"omsc-toggle-inner\"><\/p>\n<ul>\n<li style=\"text-align: justify;\"><span style=\"color: #333333; font-size: 12pt;\">Entrevista en <strong>Canal 40<\/strong> en el programa <strong>Refleja Tu Salud<\/strong> con <strong>Vivian Silberstein.<\/strong><\/span><\/li>\n<li style=\"text-align: justify;\">Entrevista<strong> para E.U. <\/strong>en<strong> Univisi\u00f3n <\/strong>con<strong> Pilar Preza<\/strong><\/li>\n<li style=\"text-align: justify;\"><span style=\"color: #333333; font-size: 12pt;\"> Serie de entrevistas en el programa de radio <strong>&#8220;Salud Integral&#8221;<\/strong> de <strong>Nah\u00fam Ganem<\/strong>, con el tema de Temazcal y Medicina Tradicional.<\/span><\/li>\n<li style=\"text-align: justify;\"><span style=\"color: #333333; font-size: 12pt;\">Entrevista en el <strong>peri\u00f3dico Metro.<\/strong><\/span><\/li>\n<li style=\"text-align: justify;\"><span style=\"color: #333333;\"><span style=\"font-size: 12pt;\">Tambi\u00e9n ha sido entrevistado en <strong>Cablevisi\u00f3n<\/strong>, y en distintas publicaciones como <strong>diarios<\/strong>, <strong>revistas<\/strong>, y transmisiones de <strong>radio por internet.<\/strong><\/span><\/span><\/li>\n<\/ul>\n<p align=\"center\"><iframe loading=\"lazy\" src=\"https:\/\/www.youtube.com\/embed\/HS0MXXiiQLU\" width=\"220\" height=\"180\" frameborder=\"0\" allowfullscreen=\"allowfullscreen\"><\/iframe><\/p>\n<p>Creador del <strong>Documental Temazcal: lo Sagrado en la Medicina Ancestral,<\/strong> donde entrevista al famoso investigador<strong> M.C. Erick Estrada Lugo, <\/strong>de la<strong> Universidad Aut\u00f3noma de Chapingo.<\/strong><\/p>\n<p style=\"text-align: center;\">Serie de entrevistas en<strong> radio <\/strong>con<strong> Nahum Ganem <\/strong>en su programa<strong> Salud Integral <\/strong>(no disponible)<\/p>\n<p style=\"text-align: center;\"><a href=\"https:\/\/www.eluniversal.com.mx\/graficos\/graficosanimados13\/EU-Temazcal\/chamanes.html\"><img loading=\"lazy\" decoding=\"async\" class=\" size-full wp-image-589\" style=\"display: block; margin-left: auto; margin-right: auto;\" src=\"https:\/\/4viento.info\/blog\/wp-content\/uploads\/2012\/09\/eluniversalxiuhketzal.jpg\" alt=\"eluniversalxiuhketzal\" width=\"215\" height=\"264\" \/><\/a>Entrevista en el peri\u00f3dico <strong>El Universal<\/strong><\/p>\n<p style=\"text-align: center;\">\u00a0<a href=\"https:\/\/4viento.info\/blog\/wp-content\/uploads\/2012\/09\/entrevistametro2.jpg\"><img loading=\"lazy\" decoding=\"async\" class=\" size-full wp-image-591\" style=\"display: block; margin-left: auto; margin-right: auto;\" src=\"https:\/\/4viento.info\/blog\/wp-content\/uploads\/2012\/09\/entrevistametro.jpg\" alt=\"entrevistametro\" width=\"217\" height=\"260\" \/><\/a>Entrevista peri\u00f3dico <strong>Metro<\/strong><\/p>\n<p>\u00a0 <img loading=\"lazy\" decoding=\"async\" class=\" size-full wp-image-592\" style=\"display: block; margin-left: auto; margin-right: auto;\" src=\"https:\/\/4viento.info\/blog\/wp-content\/uploads\/2012\/09\/enelwtc.jpg\" alt=\"En el WTC\" width=\"218\" height=\"170\" \/><\/p>\n<p style=\"text-align: center;\">Conferencia en el <strong>World Trade Center<\/strong><\/p>\n<p style=\"text-align: center;\"><strong>\u00a0<\/strong><\/p>\n<p>\u00a0Tambi\u00e9n ha sido entrevistado en radio en Guanajuato, y en revistas de salud, as\u00ed como en colaboraciones para distintas p\u00e1ginas web como:<\/p>\n<p><a href=\"https:\/\/www.nosotros2.com\/familia-bebes-y-ninos\/146\/experto\/51\/curriculum-juan-francisco-fonseca-nahuehekame-xiuh\">Nosotros2.com<\/a><\/p>\n<p><a href=\"https:\/\/www.google.com.mx\/url?sa=t&amp;rct=j&amp;q=&amp;esrc=s&amp;source=web&amp;cd=8&amp;ved=0CF0QFjAH&amp;url=http%3A%2F%2Fwww.asesoriaspa.com%2FSOBRE%2520EL%2520TEMAZCAL.doc&amp;ei=Hv6bUdXXJpHUyQGFq4BA&amp;usg=AFQjCNEEb88PKTV6IOf97GxF6rRNFT81WQ&amp;bvm=bv.46751780,d.aWc\">Asesoriaspa.com<\/a><\/p>\n<p><a href=\"https:\/\/www.google.com.mx\/url?sa=t&amp;rct=j&amp;q=&amp;esrc=s&amp;source=web&amp;cd=7&amp;ved=0CFUQFjAG&amp;url=http%3A%2F%2Fwww.pymempresario.com%2F2012%2F01%2Fmotoriza-la-bicicleta-y-crea-una-microempresa-rentable%2F&amp;ei=Hv6bUdXXJpHUyQGFq4BA&amp;usg=AFQjCNFjQ7ypGq4CMZ2nlvcK2SruH2Qlvw&amp;bvm=bv.46751780,d.aWc\">Pymempresario.com<\/a><\/p>\n<p><a href=\"https:\/\/www.revistabuenviaje.com\/luxury\/hoteles\/mision\/mision_comanjilla\/mision_comanjilla.php\">Revistabuenviaje.com<\/a><\/p>\n<p><a href=\"https:\/\/www2.esmas.com\/mujer\/dietas-y-ejercicios\/alternativas\/471004\/verdadero-significado-temazcal-vapor-caliente-tratamiento-medicinal-comanjilla\/\">Esmas.com<\/a><\/p>\n<p><a href=\"https:\/\/www.saludcronica.com\/nota.php?id_nota=1245\">Saludcronica.com<\/a><\/p>\n<p><a href=\"https:\/\/estilos.nayaritenlinea.mx\/2013\/03\/temazcal-viaje-al-ombligo-de-la-madre-tierra\/\">Nayaritenlinea.com<\/a><\/p>\n<p><a href=\"https:\/\/www.temazcalaguaviva.com\/index.php?cual=2\">Temazcalaguaviva.com<\/a><\/p>\n<p><a href=\"https:\/\/lagiraffe.com\/destinos\/mexico\/item\/hotel-mision-comanjilla\">Lagiraffe.com<\/a><\/p>\n<p><a href=\"https:\/\/www.milenio.com\/cdb\/doc\/noticias2011\/d29d03dc05c85a911d35ceed6b0fcb96?quicktabs_1=1\">Milenio.com<\/a><\/p>\n<p><a href=\"https:\/\/facestuff.me\/temazcal-tradicional-amealco-qu-mexico.html\">Temazcaltradicionalamealco<\/a><\/p>\n<p><a href=\"https:\/\/service.eluniversalmas.com.mx\/images\/261-Universal\/6552\/6552_V_iPad_11408.00_Pagina_1.pdf\">Eluniversalmas.com<\/a><\/p>\n<p><a href=\"https:\/\/www.buenastareas.com\/ensayos\/Proyectos-Institucionales-Gia\/7128842.html\">Buenastareas.com<\/a><\/p>\n<p><\/div><\/div><br \/>\n<div class=\"omsc-toggle\"><div class=\"omsc-toggle-title\">Experiencia<\/div><div class=\"omsc-toggle-inner\"><\/p>\n<p><strong><span style=\"font-size: 12pt; color: #ff6600;\">EXPERIENCIA EN HATHA YOGA:<\/span><\/strong><\/p>\n<ul>\n<li style=\"text-align: justify;\"><span style=\"font-size: 12pt; color: #333333;\">\u00a0\u00a0\u00a0 Vegetariano de nacimiento.<\/span><\/li>\n<li style=\"text-align: justify;\"><span style=\"font-size: 12pt; color: #333333;\">\u00a0\u00a0\u00a0 Miembro de una familia de instructores de yoga y atletismo.<\/span><\/li>\n<li style=\"text-align: justify;\"><span style=\"font-size: 12pt; color: #333333;\">\u00a0\u00a0\u00a0 Grado de Instructor de Gimnasia Psicof\u00edsica y Yoga, 2002.<\/span><\/li>\n<li style=\"text-align: justify;\"><span style=\"font-size: 12pt; color: #333333;\">\u00a0\u00a0\u00a0 SICCED con especializaci\u00f3n en yoga, 2007<\/span><\/li>\n<li style=\"text-align: justify;\"><span style=\"font-size: 12pt; color: #333333;\">\u00a0\u00a0\u00a0 Instructor de Hatha Yoga en el Centro de Bienestar Social Providencia, Azcapotzalco, de 2002 a 2010.<\/span><\/li>\n<li style=\"text-align: justify;\"><span style=\"font-size: 12pt; color: #333333;\">\u00a0\u00a0\u00a0 Instructor de Hatha Yoga en el Deportivo Victoria de las Democracias, Azcapotzalco, de 2004 a 2009.<\/span><\/li>\n<li style=\"text-align: justify;\"><span style=\"font-size: 12pt; color: #333333;\">\u00a0\u00a0\u00a0 Instructor de Hatha Yoga en la UAM Azcapotzalco, 2008 a 2014<\/span><\/li>\n<li style=\"text-align: justify;\"><span style=\"font-size: 12pt; color: #333333;\">\u00a0\u00a0\u00a0 Instructor de yoga infantil en Centro Cultural Anahuac, 2009 a 2011.<\/span><\/li>\n<li style=\"text-align: justify;\"><span style=\"font-size: 12pt; color: #333333;\">\u00a0\u00a0\u00a0 Monitor dirigente de la serie de posturas de la Magna Clase de Yoga, con una participaci\u00f3n de m\u00e1s de 150 personas, impartida por el Gran Maestro Servando Estrada, en el Deportivo Azcapotzalco Reynosa, 2007.<\/span><\/li>\n<li style=\"text-align: justify;\"><span style=\"font-size: 12pt; color: #333333;\">\u00a0\u00a0\u00a0 Exhibici\u00f3n de Ashtanga Vinyasa Yoga, de la Exhibici\u00f3n de Yoga en el Foro Azcapotzalco, 2009<\/span><\/li>\n<li style=\"text-align: justify;\"><span style=\"font-size: 12pt; color: #333333;\">\u00a0\u00a0\u00a0 Monitor dirigente de pranayama en la Superclase de Yoga dpvo. Azcapotzalco, con una participaci\u00f3n de 150 personas y m\u00e1s de 10 deportivos, 2010<\/span><\/li>\n<li style=\"text-align: justify;\"><span style=\"font-size: 12pt; color: #333333;\">\u00a0\u00a0\u00a0 Instructor de la Superclase de Vinyasa Yoga en el deportivo Victoria de las Democracias, 2010<\/span><\/li>\n<li style=\"text-align: justify;\"><span style=\"color: #333333;\">\u00a0\u00a0\u00a0\u00a0\u00a0 <span style=\"font-size: 12pt;\">Instructor de yoga en Getronics, Torre de Cristal, Polanco, 2009 a 2011.<br \/>\n<\/span><\/span><\/li>\n<li style=\"text-align: justify;\"><span style=\"font-size: 12pt; color: #333333;\">\u00a0\u00a0\u00a0 Instructor ocasional de yoga en Hotel Misi\u00f3n Comanjilla, 2010 a la fecha.<br \/>\n<\/span><\/li>\n<li style=\"text-align: justify;\"><span style=\"font-size: 12pt; color: #333333;\">\u00a0\u00a0\u00a0 Instructor de Yoga en Sal\u00f3n Rojas, Providencia, Azcapotzalco, 2010 a la fecha.<\/span><\/li>\n<\/ul>\n<p style=\"text-align: justify;\"><span style=\"font-size: 12pt; color: #333333;\">\u00a0<\/span><span style=\"font-size: 12pt;\">\u00a0\u00a0\u00a0 <\/span><\/p>\n<p align=\"center\"><iframe loading=\"lazy\" src=\"https:\/\/www.youtube.com\/embed\/d2itFaH6Hb0\" width=\"220\" height=\"180\" frameborder=\"0\" allowfullscreen=\"allowfullscreen\"><\/iframe><\/p>\n<p style=\"text-align: center;\">Instructor de <strong>yoga<\/strong> en la <strong>UAM Azcapotzalco<\/strong><\/p>\n<p><span style=\"color: #ff6600;\"><strong><span style=\"font-size: 12pt;\">EXPERIENCIA EN EL TEMAZCAL Y LA TRADICI\u00d3N:<\/span> <\/strong> <\/span><\/p>\n<ul>\n<li style=\"text-align: justify;\"><span style=\"font-size: 12pt; color: #333333;\">\u00a0\u00a0\u00a0 Miembro del grupo de difusi\u00f3n cultural de la Mexicanidad \u201cKalpulli Inkalli Ixkahuikopa\u201d de la UAM Azcapotzalco 1997 \u2013 2001<\/span><\/li>\n<li style=\"text-align: justify;\"><span style=\"font-size: 12pt; color: #333333;\">\u00a0\u00a0\u00a0 Miembro dirigente del grupo de difusi\u00f3n cultural de la Mexicanidad \u201cOllin Kalmekayaokizke\u201d de la UNAM 2001 a 2003<\/span><\/li>\n<li style=\"text-align: justify;\"><span style=\"font-size: 12pt; color: #333333;\">\u00a0\u00a0\u00a0 Miembro del Consejo del Kalpulli Koakalko, Estudios Antropol\u00f3gicos y Comunicaci\u00f3n Social de Pueblos Ind\u00edgenas, A.C. 1999 &#8211; 2004.<\/span><\/li>\n<li style=\"text-align: justify;\"><span style=\"font-size: 12pt; color: #333333;\">\u00a0\u00a0\u00a0 Construcci\u00f3n de temazcal n\u00f3mada en San Miguel, Ajusco, 2002<\/span><\/li>\n<li style=\"text-align: justify;\"><span style=\"color: #333333;\"><span style=\"font-size: 12pt;\">\u00a0\u00a0\u00a0 Grado de Teopixke (Guardi\u00e1n de la Tradici\u00f3n) en <\/span><span style=\"font-size: 12pt;\">Kalpulli Koakalko, Estudios Antropol\u00f3gicos y Comunicaci\u00f3n Social de Pueblos Ind\u00edgenas, A.C. 2003<\/span><span style=\"font-size: 12pt;\"><br \/>\n<\/span><\/span><\/li>\n<li style=\"text-align: justify;\"><span style=\"font-size: 12pt; color: #333333;\">\u00a0\u00a0\u00a0 Construcci\u00f3n de temazcal n\u00f3mada en el barrio La Rosa, Tepatlaxco, Naucalpan, 2004<\/span><\/li>\n<li style=\"text-align: justify;\"><span style=\"font-size: 12pt; color: #333333;\">\u00a0\u00a0\u00a0 Asesor\u00eda de construcci\u00f3n de temazcal en el barrio La Rosa, Tepatlaxco, Naucalpan, 2006<\/span><\/li>\n<li style=\"text-align: justify;\"><span style=\"font-size: 12pt; color: #333333;\">\u00a0\u00a0\u00a0 Terapeuta en Medicina Tradicional de Temazcal, en \u201cTemazcal el Valle del \u00c1guila\u201d, barrio La Rosa, Tepatlaxco, Naucalpan, de 2004 a la fecha.<\/span><\/li>\n<li style=\"text-align: justify;\"><span style=\"font-size: 12pt; color: #333333;\">\u00a0\u00a0\u00a0 Instructor de Artes Marciales Prehisp\u00e1nicas XILAM, A.C., de 2002 a 2006, en el Deportivo Azcapotzalco Reynosa y en el Instituto Jorge Gonz\u00e1les Blakaller.<\/span><\/li>\n<li style=\"text-align: justify;\"><span style=\"font-size: 12pt; color: #333333;\">\u00a0\u00a0\u00a0 Creador del documental \u201cTlayacapan-Amatlan: caminata al campo de la paz\u201d (gui\u00f3n, fotograf\u00eda, producci\u00f3n, animaci\u00f3n). 2006<\/span><\/li>\n<li style=\"text-align: justify;\"><span style=\"font-size: 12pt; color: #333333;\">\u00a0\u00a0\u00a0 Creador del documental \u201cTemazcal: lo sagrado en la medicina ancestral\u201d, revisado por el M.C. Erick Estrada Lugo, catedr\u00e1tico en medicina tradicional en la Universidad Aut\u00f3noma de Chapingo (Gui\u00f3n, fotograf\u00eda, producci\u00f3n, m\u00fasica, animaci\u00f3n). 2007<\/span><\/li>\n<li style=\"text-align: justify;\"><span style=\"font-size: 12pt; color: #333333;\">\u00a0\u00a0\u00a0 Curso de c\u00e1tedra\u00a0 \u201cMedicina Sagrada\u201d (40 horas) impartida por el doctor Erick Estrada en la Universidad Aut\u00f3noma de Chapingo. 2007<\/span><\/li>\n<li style=\"text-align: justify;\"><span style=\"font-size: 12pt; color: #333333;\">\u00a0\u00a0\u00a0 Curso de c\u00e1tedra\u00a0 \u201cHerbolaria\u201d (40 horas) impartida por el doctor Erick Estrada en la Universidad Aut\u00f3noma de Chapingo. 2007<\/span><\/li>\n<li style=\"text-align: justify;\"><span style=\"font-size: 12pt; color: #333333;\">\u00a0\u00a0\u00a0 Curso de c\u00e1tedra\u00a0 \u201cFitoterapia\u201d (40 horas) impartida por el doctor Erick Estrada en la Universidad Aut\u00f3noma de Chapingo. 2008<\/span><\/li>\n<li style=\"text-align: justify;\"><span style=\"font-size: 12pt; color: #333333;\">\u00a0\u00a0\u00a0 Asesor\u00eda &#8220;Temazcal: su correcto uso y sus precauciones&#8221; en Spa Antala, septiembre de 2008<\/span><\/li>\n<li style=\"text-align: justify;\"><span style=\"font-size: 12pt; color: #333333;\">\u00a0\u00a0\u00a0 Lider de Tonal Mitotiliztli Tepe\u00edte, 2008<br \/>\n<\/span><\/li>\n<li style=\"text-align: justify;\"><span style=\"font-size: 12pt; color: #333333;\">\u00a0\u00a0\u00a0 Dirigente del temazcal en la Semana Deportiva de la UAM Azcapotzalco, 2010<\/span><\/li>\n<li style=\"text-align: justify;\"><span style=\"font-size: 12pt; color: #333333;\">\u00a0\u00a0\u00a0 Dirigente del temazcal en el campamento deportivo del Centro Ceremonial Otom\u00ed de la UAM Azcapotzalco, 2012<\/span><\/li>\n<li style=\"text-align: justify;\"><span style=\"font-size: 12pt; color: #333333;\">\u00a0\u00a0\u00a0 Dirigente del temazcal de Hotel Misi\u00f3n Comanjilla, 2010 a la fecha.<\/span><\/li>\n<li style=\"text-align: justify;\"><span style=\"font-size: 12pt; color: #333333;\">\u00a0\u00a0\u00a0 Guardi\u00e1n del Temazcal Medicinal Nemiliztli, Atizap\u00e1n, 2011 a la fecha.<\/span><\/li>\n<li style=\"text-align: justify;\">\u00a0\u00a0\u00a0 Escritor del libro<a href=\"https:\/\/www.amazon.com\/Temazcal-vientre-Madre-Tierra-Spanish\/dp\/1719373841\/ref=sr_1_4?ie=UTF8&amp;qid=1530978829&amp;sr=8-4&amp;keywords=temazcal\" target=\"_blank\"> Temazcal: en el vientre de la Madre Tierra, 2017<\/a><\/li>\n<li style=\"text-align: justify;\">\u00a0\u00a0\u00a0 Conferencia Temazcal en la embajada de M\u00e9xico en Madrid, Espa\u00f1a, 2018<\/li>\n<li style=\"text-align: justify;\">\u00a0\u00a0\u00a0 Cursos de Temazcal, Tonalamatl y Tradici\u00f3n Oral en Afic, Reus, Tarragona, Espa\u00f1a, 2018<\/li>\n<\/ul>\n<p><\/div><\/div><\/p>\n<p><\/div>\n<p><\/p>","protected":false},"excerpt":{"rendered":"<p>Prof. Juan Fonseca Nahuehekame Xiuhketzal Conferencia sobre Temazcal en la Embajada de M\u00e9xico en Madrid, Espa\u00f1a Autor del libro Temazcal: en el Vientre de la Madre Tierra<\/p>\n","protected":false},"author":1,"featured_media":4988,"parent":0,"menu_order":4,"comment_status":"open","ping_status":"closed","template":"","meta":{"footnotes":""},"class_list":["post-593","page","type-page","status-publish","has-post-thumbnail","hentry"],"aioseo_notices":[],"_links":{"self":[{"href":"https:\/\/4viento.info\/blog\/wp-json\/wp\/v2\/pages\/593","targetHints":{"allow":["GET"]}}],"collection":[{"href":"https:\/\/4viento.info\/blog\/wp-json\/wp\/v2\/pages"}],"about":[{"href":"https:\/\/4viento.info\/blog\/wp-json\/wp\/v2\/types\/page"}],"author":[{"embeddable":true,"href":"https:\/\/4viento.info\/blog\/wp-json\/wp\/v2\/users\/1"}],"replies":[{"embeddable":true,"href":"https:\/\/4viento.info\/blog\/wp-json\/wp\/v2\/comments?post=593"}],"version-history":[{"count":16,"href":"https:\/\/4viento.info\/blog\/wp-json\/wp\/v2\/pages\/593\/revisions"}],"predecessor-version":[{"id":4996,"href":"https:\/\/4viento.info\/blog\/wp-json\/wp\/v2\/pages\/593\/revisions\/4996"}],"wp:featuredmedia":[{"embeddable":true,"href":"https:\/\/4viento.info\/blog\/wp-json\/wp\/v2\/media\/4988"}],"wp:attachment":[{"href":"https:\/\/4viento.info\/blog\/wp-json\/wp\/v2\/media?parent=593"}],"curies":[{"name":"wp","href":"https:\/\/api.w.org\/{rel}","templated":true}]}}