{"id":5004,"date":"2018-07-09T20:54:41","date_gmt":"2018-07-10T01:54:41","guid":{"rendered":"http:\/\/4viento.info\/blog\/?page_id=5004"},"modified":"2018-07-09T21:00:42","modified_gmt":"2018-07-10T02:00:42","slug":"libro-temazcal-en-el-vientre-de-la-madre-tierra","status":"publish","type":"page","link":"https:\/\/4viento.info\/blog\/libro-temazcal-en-el-vientre-de-la-madre-tierra\/","title":{"rendered":"Libro Temazcal en el Vientre de la Madre Tierra"},"content":{"rendered":"<p style=\"text-align: center;\"><a href=\"https:\/\/www.amazon.com.mx\/Temazcal-En-Vientre-Madre-Tierra\/dp\/1719373841\/ref=sr_1_4?ie=UTF8&amp;qid=1531011024&amp;sr=8-4&amp;keywords=Temazcal\" target=\"_blank\"><img loading=\"lazy\" decoding=\"async\" class=\"aligncenter size-medium wp-image-5005\" src=\"https:\/\/4viento.info\/blog\/wp-content\/uploads\/2018\/07\/libro-temazcal-3d-259x300.jpg\" alt=\"libro temazcal 3d\" width=\"259\" height=\"300\" srcset=\"https:\/\/4viento.info\/blog\/wp-content\/uploads\/2018\/07\/libro-temazcal-3d-259x300.jpg 259w, https:\/\/4viento.info\/blog\/wp-content\/uploads\/2018\/07\/libro-temazcal-3d.jpg 723w\" sizes=\"auto, (max-width: 259px) 100vw, 259px\" \/><br \/>\n<\/a><\/p>\n<p><a href=\"https:\/\/www.amazon.com.mx\/Temazcal-En-Vientre-Madre-Tierra\/dp\/1719373841\/ref=sr_1_4?ie=UTF8&amp;qid=1531011024&amp;sr=8-4&amp;keywords=Temazcal\" target=\"_blank\">Adquiere nuestro libro <strong>Temazcal: En el vientre de la Madre Tierra<\/strong><\/a>, escrito por el temachtiani Juan Fonseca Nahuehekame Xiuhketzal.<\/p>\n<p>&nbsp;<\/p>\n<p><span style=\"color: #008000;\"><strong>ESCRITO POR UN VERDADERO TEOPIXKE (GUARDI\u00c1N DE LO SAGRADO)<\/strong><\/span><\/p>\n<p><span style=\"color: #008000;\">Pr\u00f3logo por el Dr. Vict\u00f3rico Mu\u00f1oz Rosales, FFyL, UNAM<\/span><\/p>\n<p>&nbsp;<\/p>\n<p><strong>\u00bfBuscas la sabidur\u00eda del temazcal, sus precauciones, el porqu\u00e9 de cada paso, y en internet s\u00f3lo has encontrado informaci\u00f3n confusa, err\u00f3nea o incluso peligrosa?<\/strong><\/p>\n<p>Este libro es el resultado de varios a\u00f1os de investigaci\u00f3n bibliogr\u00e1fica y de aprendizaje con los abuelos, con temazcaleros, m\u00e9dicos y antrop\u00f3logos. Adem\u00e1s de ser una <strong>gu\u00eda paso a paso<\/strong> de cada ritual que compone al temazcal (sahumaci\u00f3n, encendido del Fuego Sagrado, las Cuatro Puertas, etc.), te fascinar\u00e1s con toda la sabidur\u00eda oculta dentro de este ba\u00f1o de vapor sagrado: su simbolismo, la dualidad, el renacimiento, la relaci\u00f3n con los ancestros, la sanaci\u00f3n de los cuatro entes an\u00edmicos, etc.<\/p>\n<p><strong>Adem\u00e1s resuelve dudas como:<\/strong><\/p>\n<ul>\n<li><span style=\"color: #008000;\">\u00bfQui\u00e9n puede entrar al temazcal? <\/span><\/li>\n<li><span style=\"color: #008000;\">\u00bfTiene contraindicaciones? <\/span><\/li>\n<li><span style=\"color: #008000;\">\u00bfPara qui\u00e9n es perjudicial el ba\u00f1o de agua fr\u00eda? <\/span><\/li>\n<li><span style=\"color: #008000;\">\u00bfEs mejor si lo hago muy caliente? <\/span><\/li>\n<li><span style=\"color: #008000;\">\u00bfC\u00f3mo puedo asegurarme que mi forma de hacer el temazcal no es peligrosa?<\/span><\/li>\n<li><span style=\"color: #008000;\"> \u00bfQu\u00e9 es el temazcal guerrero?<\/span><\/li>\n<li><span style=\"color: #008000;\">\u00bfCu\u00e1l es la preparaci\u00f3n de un gu\u00eda de temazcal?<\/span><\/li>\n<\/ul>\n<p>El temazcal hoy goza de gran difusi\u00f3n, pero desgraciadamente s\u00f3lo se difunde lo m\u00e1s superficial, y se va perdiendo su sabidur\u00eda y sus precauciones, para convertirse en un producto comercial a veces hasta riesgoso, producto de la falta de preparaci\u00f3n y exceso de informaci\u00f3n equivocada. Lo que los abuelos lograron preservar durante siglos, estamos a punto de perderlo en unos a\u00f1os por estas causas.<\/p>\n<p>Porque tomar un ba\u00f1o de temazcal, no es la simpleza folkl\u00f3rica de experimentar como turista. El temazcal tiene sentidos m\u00e1s profundos y diversos que tienen que ver con la sanaci\u00f3n completa de nuestro ser (corporal, mental y espiritual), con la purificaci\u00f3n y no la simple desintoxicaci\u00f3n, con estados elevados de conciencia en donde podemos experimentar una uni\u00f3n com\u00fan o comuni\u00f3n con la naturaleza, los otros y uno mismo. En ese sentido nuestro autor lo explica metaf\u00f3ricamente como un renacer &#8220;Todo el ritual del temazcal es un renacimiento.&#8221;<\/p>\n<p>Tomar un ba\u00f1o de temazcal es participar de un ritual para el cual se requiere preparaci\u00f3n y conocimientos, proporcionados por nuestro gu\u00eda, para hacer del proceso tambi\u00e9n una experiencia cultural y educativa. Como podr\u00e1 apreciarse en el contenido del libro, aqu\u00ed encontrar\u00e1n a detalle los diversos tipos de temazcal seg\u00fan su funci\u00f3n principal: social, cultural, medicinal y guerrero; cada una de las fases del proceso ritual, incluyendo sus instrumentos, sujetos, cantos y objetivos de cada uno.<\/p>\n<p>Aqu\u00ed encontrar\u00e1s todas las respuestas, pero lo m\u00e1s importante es que conocer\u00e1s todo lo que hace completamente \u00fanico al temazcal, diferente a todos los dem\u00e1s ba\u00f1os de vapor e incluso diferente a los dem\u00e1s rituales ancestrales de Anahuac.<\/p>\n<p>&nbsp;<\/p>\n<p><a href=\"https:\/\/www.amazon.com.mx\/Temazcal-En-Vientre-Madre-Tierra\/dp\/1719373841\/ref=sr_1_4?ie=UTF8&amp;qid=1531011024&amp;sr=8-4&amp;keywords=Temazcal\" target=\"_blank\">Adquiere nuestro libro <strong>Temazcal: En el vientre de la Madre Tierra<\/strong><\/a>, escrito por el temachtiani Juan Fonseca Nahuehekame Xiuhketzal.<\/p>\n<p><\/p>","protected":false},"excerpt":{"rendered":"<p>Adquiere nuestro libro Temazcal: En el vientre de la Madre Tierra, escrito por el temachtiani Juan Fonseca Nahuehekame Xiuhketzal. &nbsp; ESCRITO POR UN VERDADERO TEOPIXKE (GUARDI\u00c1N DE LO SAGRADO) Pr\u00f3logo por el Dr. Vict\u00f3rico Mu\u00f1oz Rosales, FFyL, UNAM &nbsp; \u00bfBuscas la sabidur\u00eda del temazcal, sus precauciones, el porqu\u00e9 de cada [&hellip;]<\/p>\n","protected":false},"author":1,"featured_media":5005,"parent":0,"menu_order":0,"comment_status":"closed","ping_status":"closed","template":"","meta":{"footnotes":""},"class_list":["post-5004","page","type-page","status-publish","has-post-thumbnail","hentry"],"aioseo_notices":[],"_links":{"self":[{"href":"https:\/\/4viento.info\/blog\/wp-json\/wp\/v2\/pages\/5004","targetHints":{"allow":["GET"]}}],"collection":[{"href":"https:\/\/4viento.info\/blog\/wp-json\/wp\/v2\/pages"}],"about":[{"href":"https:\/\/4viento.info\/blog\/wp-json\/wp\/v2\/types\/page"}],"author":[{"embeddable":true,"href":"https:\/\/4viento.info\/blog\/wp-json\/wp\/v2\/users\/1"}],"replies":[{"embeddable":true,"href":"https:\/\/4viento.info\/blog\/wp-json\/wp\/v2\/comments?post=5004"}],"version-history":[{"count":3,"href":"https:\/\/4viento.info\/blog\/wp-json\/wp\/v2\/pages\/5004\/revisions"}],"predecessor-version":[{"id":5008,"href":"https:\/\/4viento.info\/blog\/wp-json\/wp\/v2\/pages\/5004\/revisions\/5008"}],"wp:featuredmedia":[{"embeddable":true,"href":"https:\/\/4viento.info\/blog\/wp-json\/wp\/v2\/media\/5005"}],"wp:attachment":[{"href":"https:\/\/4viento.info\/blog\/wp-json\/wp\/v2\/media?parent=5004"}],"curies":[{"name":"wp","href":"https:\/\/api.w.org\/{rel}","templated":true}]}}