{"id":4969,"date":"2018-07-07T15:20:24","date_gmt":"2018-07-07T20:20:24","guid":{"rendered":"http:\/\/4viento.info\/blog\/?page_id=4969"},"modified":"2018-07-07T16:07:08","modified_gmt":"2018-07-07T21:07:08","slug":"temazcal-nahualli-coyoacan","status":"publish","type":"page","link":"https:\/\/4viento.info\/blog\/temazcal-nahualli-coyoacan\/","title":{"rendered":"Temazcal Nahualli &#8211; Coyoacan"},"content":{"rendered":"<h3 style=\"text-align: center;\"><span style=\"color: #ff6600; font-size: 12pt; font-family: arial,helvetica,sans-serif;\"><strong>Temazcal Nahu<\/strong><\/span><span style=\"color: #ff6600; font-size: 12pt; font-family: arial,helvetica,sans-serif;\"><strong>alli<br \/>\nCoyoac\u00e1n, Ciudad de M\u00e9xico<\/strong><\/span><\/h3>\n<h3 style=\"text-align: center;\"><img loading=\"lazy\" decoding=\"async\" class=\"aligncenter size-medium wp-image-4973\" src=\"https:\/\/4viento.info\/blog\/wp-content\/uploads\/2018\/07\/logo-Nahualli-web-300x121.png\" alt=\"logo-Nahualli-web\" width=\"300\" height=\"121\" srcset=\"https:\/\/4viento.info\/blog\/wp-content\/uploads\/2018\/07\/logo-Nahualli-web-300x121.png 300w, https:\/\/4viento.info\/blog\/wp-content\/uploads\/2018\/07\/logo-Nahualli-web-768x309.png 768w, https:\/\/4viento.info\/blog\/wp-content\/uploads\/2018\/07\/logo-Nahualli-web-1024x412.png 1024w, https:\/\/4viento.info\/blog\/wp-content\/uploads\/2018\/07\/logo-Nahualli-web.png 1311w\" sizes=\"auto, (max-width: 300px) 100vw, 300px\" \/><\/h3>\n<h3 style=\"text-align: center;\"><img loading=\"lazy\" decoding=\"async\" class=\"aligncenter size-medium wp-image-4970\" src=\"https:\/\/4viento.info\/blog\/wp-content\/uploads\/2018\/07\/nahualli-300x300.png\" alt=\"nahualli\" width=\"300\" height=\"300\" srcset=\"https:\/\/4viento.info\/blog\/wp-content\/uploads\/2018\/07\/nahualli-300x300.png 300w, https:\/\/4viento.info\/blog\/wp-content\/uploads\/2018\/07\/nahualli-150x150.png 150w, https:\/\/4viento.info\/blog\/wp-content\/uploads\/2018\/07\/nahualli-266x266.png 266w, https:\/\/4viento.info\/blog\/wp-content\/uploads\/2018\/07\/nahualli.png 600w\" sizes=\"auto, (max-width: 300px) 100vw, 300px\" \/><\/h3>\n<p style=\"text-align: justify;\"><div class=\"omsc-accordion\"><br \/>\n<div class=\"omsc-toggle omsc-expanded\"><div class=\"omsc-toggle-title\">Temazcal tradicional en el centro de Coyoac\u00e1n<\/div><div class=\"omsc-toggle-inner\" style=\"display:block\"><\/p>\n<p style=\"text-align: justify;\">La maravilla del temazcal, una de las m\u00e1s hermosas tradiciones de M\u00e9xico, ahora en el centro de Coyoac\u00e1n, en el Centro Hol\u00edstico Nahualli, dirigido por el escritor, conferencista y experto, el teopixke Nahuehekame Xiuhketzal, quien ha publicado un libro sobre temazcal y ha dado conferencias sobre el tema en la embajada de M\u00e9xico en Madrid, Espa\u00f1a, entre muchos otros lugares.<\/p>\n<p style=\"text-align: justify;\"><strong><span style=\"color: #ff6600;\">Beneficios<\/span><\/strong><\/p>\n<table bgcolor=\"#FFFFFF\">\n<tbody>\n<tr>\n<td valign=\"top\">\u00a0<img loading=\"lazy\" decoding=\"async\" src=\"https:\/\/4viento.info\/blog\/wp-content\/uploads\/2013\/07\/bluecheck.jpg\" alt=\"\" width=\"33\" height=\"31\" \/><\/td>\n<td>\u00a0Sana el cuerpo, la mente, emociones y energ\u00eda por medio de una experiencia maravillosa.<\/td>\n<\/tr>\n<tr>\n<td valign=\"top\"><img loading=\"lazy\" decoding=\"async\" src=\"https:\/\/4viento.info\/blog\/wp-content\/uploads\/2013\/07\/bluecheck.jpg\" alt=\"\" width=\"33\" height=\"31\" \/><\/td>\n<td><strong><a href=\"https:\/\/4viento.info\/blog\/nosotros-2\/\">El Guardi\u00e1n <\/a>de temazcal<\/strong> ha sido entrevistado en numerosas ocasiones en radio, tele, peri\u00f3dicos y revistas y ha dado multitud de cursos y conferencias.<\/td>\n<\/tr>\n<tr>\n<td valign=\"top\"><img loading=\"lazy\" decoding=\"async\" src=\"https:\/\/4viento.info\/blog\/wp-content\/uploads\/2013\/07\/bluecheck.jpg\" alt=\"\" width=\"33\" height=\"31\" \/><\/td>\n<td>Limpia la piel y los poros<\/td>\n<\/tr>\n<tr>\n<td valign=\"top\"><img loading=\"lazy\" decoding=\"async\" src=\"https:\/\/4viento.info\/blog\/wp-content\/uploads\/2013\/07\/bluecheck.jpg\" alt=\"\" width=\"33\" height=\"31\" \/><\/td>\n<td>Depura el organismo por medio del sudor y vapor herbolario<\/td>\n<\/tr>\n<tr>\n<td valign=\"top\"><img loading=\"lazy\" decoding=\"async\" src=\"https:\/\/4viento.info\/blog\/wp-content\/uploads\/2013\/07\/bluecheck.jpg\" alt=\"\" width=\"33\" height=\"31\" \/><\/td>\n<td>Combate <strong>obesidad<\/strong>, enfriamientos y contracturas musculares<\/td>\n<\/tr>\n<\/tbody>\n<\/table>\n<table bgcolor=\"#FFFFFF\">\n<tbody>\n<tr>\n<td><img loading=\"lazy\" decoding=\"async\" src=\"https:\/\/4viento.info\/blog\/wp-content\/uploads\/2013\/07\/bluecheck.jpg\" alt=\"\" width=\"33\" height=\"31\" \/><\/td>\n<td>Elimina impurezas del organismo y el exceso de sal, contribuyendo a disminuir hipertensi\u00f3n, combatir migra\u00f1as y es auxiliar en el tratamiento de enfermedades cr\u00f3nico-degenerativas.<\/td>\n<\/tr>\n<tr>\n<td valign=\"top\"><img loading=\"lazy\" decoding=\"async\" src=\"https:\/\/4viento.info\/blog\/wp-content\/uploads\/2013\/07\/bluecheck.jpg\" alt=\"\" width=\"33\" height=\"31\" \/><\/td>\n<td><strong>Ataca celulitis, estr\u00edas y piel de naranja<\/strong><\/td>\n<\/tr>\n<tr>\n<td valign=\"top\"><img loading=\"lazy\" decoding=\"async\" src=\"https:\/\/4viento.info\/blog\/wp-content\/uploads\/2013\/07\/bluecheck.jpg\" alt=\"\" width=\"33\" height=\"31\" \/><\/td>\n<td>Combate estr\u00e9s e insomnio.<\/td>\n<\/tr>\n<tr>\n<td valign=\"top\"><img loading=\"lazy\" decoding=\"async\" src=\"https:\/\/4viento.info\/blog\/wp-content\/uploads\/2013\/07\/bluecheck.jpg\" alt=\"\" width=\"33\" height=\"31\" \/><\/td>\n<td>Limpia el sistema respiratorio, combatiendo sinusitis y rinitis<\/td>\n<\/tr>\n<tr>\n<td valign=\"top\"><img loading=\"lazy\" decoding=\"async\" src=\"https:\/\/4viento.info\/blog\/wp-content\/uploads\/2013\/07\/bluecheck.jpg\" alt=\"\" width=\"33\" height=\"31\" \/><\/td>\n<td><strong>Fortalece el sistema inmunol\u00f3gico, <\/strong>combatiendo la pereza de los sistemas org\u00e1nicos.<strong><br \/>\n<\/strong><\/td>\n<\/tr>\n<\/tbody>\n<\/table>\n<p style=\"text-align: justify;\"><\/div><\/div><br \/>\n<div class=\"omsc-toggle\"><div class=\"omsc-toggle-title\">Puedes tomar el temazcal una vez por semana!<\/div><div class=\"omsc-toggle-inner\"><\/p>\n<p><strong style=\"text-align: justify;\"><span style=\"color: #ff6600;\">\u00a1Puedes tomar el temazcal una vez por semana!<\/span><\/strong><\/p>\n<p style=\"text-align: justify;\">\u00bfSe te hab\u00eda ocurrido? Hay disciplinas hermosas como atletismo, nataci\u00f3n, yoga, artes marciales, que mucha gente toma para mantener su salud, pero el temazcal tambi\u00e9n puede serlo. Nuestro temazcal est\u00e1 dise\u00f1ado para una depuraci\u00f3n profunda sin problemas de deshidrataci\u00f3n, con beneficios incre\u00edbles. Mucha gente piensa que el temazcal es para conocerlo una vez en la vida, pero puedes hacer de \u00e9l una hermosa disciplina, en donde cada semana puedas depurar tu cuerpo de las toxinas que se han acumulado en esos 7 d\u00edas, adem\u00e1s de depurar tu esp\u00edritu y tus emociones, haciendo contacto con tu interior para descubrir tu propia sabidur\u00eda, al mismo tiempo que te relajas y disfrutas el ritual.<\/p>\n<p style=\"text-align: justify;\"><\/div><\/div><br \/>\n<div class=\"omsc-toggle\"><div class=\"omsc-toggle-title\">Una tradici\u00f3n m\u00e1gica<\/div><div class=\"omsc-toggle-inner\"><\/p>\n<p style=\"text-align: justify;\"><strong><span style=\"color: #ff6600;\">Una tradici\u00f3n m\u00e1gica<\/span><\/strong><\/p>\n<p style=\"text-align: justify;\">Mucha gente nos ha dicho que ten\u00eda una idea de lo que era un temazcal, incluso que ya ha entrado a otros temazcales, pero al vivirlo ha quedado fascinada, nunca hab\u00eda pensado que era algo tan maravilloso. El temazcal es el vientre de la Madre Tierra, y representa un renacimiento. Los cantos son tan sencillos, pero tan profundos, el vapor medicinal con aromas de romero, manzanilla, toronjil, yerbabuena, todo forma un ambiente de auto contacto con pensamientos y emociones, en un recinto donde el tiempo no es el que siempre sentimos, sino un tiempo m\u00edtico, ancestral.<\/p>\n<p style=\"text-align: justify;\"><strong>No es un Spa: es un Temazcal.<\/strong> Es un lugar de reencuentro contigo mismo e incluso de confrontaci\u00f3n con los temores propios y debilidades, promoviendo el desarrollo humano.<\/p>\n<p style=\"text-align: justify;\"><\/div><\/div><br \/>\n<div class=\"omsc-toggle\"><div class=\"omsc-toggle-title\">\u00bfQu\u00e9 incluye?<\/div><div class=\"omsc-toggle-inner\"><\/p>\n<p style=\"text-align: justify;\"><strong><span style=\"color: #ff6600;\">\u00bfQu\u00e9 incluye el ritual?<\/span><\/strong><\/p>\n<p style=\"text-align: justify;\">Incluye ritual de cuatro puertas, sahumaci\u00f3n (limpia) con copal, aplicaci\u00f3n de s\u00e1bila, cantos ancestrales, meditaciones, sabidur\u00eda ancestral, vapor con plantas medicinales, agua depurativa de lim\u00f3n con ch\u00eda y frutas. Dura aproximadamente 2 horas dentro del temazcal, teniendo todas las precauciones para hacer una buena depuraci\u00f3n sin deshidratarse ni perder minerales. Para los que entran por primera vez o no soportan mucho calor, comenzamos a una temperatura agradable y deliciosa, y en las siguientes puertas ser\u00e1 un poco m\u00e1s caliente. Para quienes les gusta mucho el calor intenso, la cuarta puerta suele ser\u00a0 la m\u00e1s fuerte. Somos plenamente responsables con el manejo del calor y cuidamos mucho a los asistentes.<\/p>\n<p style=\"text-align: justify;\"><\/div><\/div><br \/>\n<div class=\"omsc-toggle\"><div class=\"omsc-toggle-title\">Para grupos a partir de 6 personas<\/div><div class=\"omsc-toggle-inner\"><\/p>\n<p>Para organizadores de grupos, hacemos descuentos especiales.<\/p>\n<p><span style=\"color: #ff6600;\"><strong>Horarios.<br \/>\n<\/strong><\/span><\/p>\n<p><strong>Viernes<\/strong><\/p>\n<p>A partir de la 1:00 p.m. con previa cita.<\/p>\n<p><strong>S\u00e1bados<br \/>\n<\/strong><\/p>\n<p>A partir de las 10:00 a.m. con previa cita.<\/p>\n<p style=\"text-align: justify;\"><\/div><\/div><\/p>\n<p style=\"text-align: justify;\"><div class=\"omsc-toggle\"><div class=\"omsc-toggle-title\">Qu\u00e9 llevar y c\u00f3mo llegar<\/div><div class=\"omsc-toggle-inner\"><\/p>\n<p><strong><span style=\"color: #ff6600;\">Qu\u00e9 llevar<\/span><\/strong><br \/>\nLlevar traje de ba\u00f1o o short y playera, chanclas, toalla grande y ropa abrigadora.<\/p>\n<p><strong><span style=\"color: #ff6600;\">C\u00f3mo llegar<\/span><\/strong><\/p>\n<p>Calle G\u00f3mez Far\u00edas no. 15, col. del Carmen, Coyoacan, Ciudad de M\u00e9xico.<\/p>\n<p>En transporte p\u00fablico, dirigirse al metro General Anaya de la l\u00ednea 2. Saliendo del metro, tomar el micro al centro de Coyoac\u00e1n. A espaldas de la catedral, tomar avenida Hidalgo un par de cuadras para llegar a la calle Gomez Far\u00edas y les daremos la bienvenida en el n\u00famero 15.<\/p>\n<p>&nbsp;<br \/>\n<iframe loading=\"lazy\" src=\"https:\/\/www.google.com\/maps\/embed?pb=!1m18!1m12!1m3!1d3764.4255788812275!2d-99.16089188509459!3d19.35071678693082!2m3!1f0!2f0!3f0!3m2!1i1024!2i768!4f13.1!3m3!1m2!1s0x0%3A0x7feb2924b014505c!2sNahualli+Centro+Holistico!5e0!3m2!1ses!2smx!4v1530996322679\" width=\"100%\" height=\"450\" frameborder=\"0\" style=\"border:0\" allowfullscreen><\/iframe><\/p>\n<p><\/div><\/div><\/p>\n<p style=\"text-align: justify;\"><div class=\"omsc-toggle\"><div class=\"omsc-toggle-title\">Recuperaci\u00f3n y reservaciones<\/div><div class=\"omsc-toggle-inner\"><\/p>\n<p><strong><span style=\"color: #ff6600;\">Cooperaci\u00f3n:<\/span><\/strong><\/p>\n<p>600 pesos por persona. Descuentos especiales a organizadores de grupos.<\/p>\n<p><strong><span style=\"color: #ff6600;\">Reservaciones<\/span><\/strong><\/p>\n<p>Siempre reservar antes de asistir, de preferencia con dos d\u00edas de anticipac\u00f3n. Si tiene alg\u00fan padecimiento, mencionarlo durante la reservaci\u00f3n.<\/p>\n<p>Reservar al 5564 9785<\/p>\n<p style=\"text-align: justify;\"><\/div><\/div><br \/>\n<\/div><\/p>\n<p><span style=\"color: #008000;\"><strong>Celular y WhatsApp: 55-6693-5646<\/strong>.<\/span> Si quieres que te enviemos mensajes sobre sabidur\u00eda ancestral, temazcal, invitaciones a ceremonias y promociones a tu whatsapp, env\u00edanos un whats a este n\u00famero, con tu nombre o apodo y el mensaje: \u201cQuiero unirme al grupo de temazcal y sabidur\u00eda ancestral\u201d<\/p>\n<p><a href=\"https:\/\/4viento.info\/blog\/wp-content\/themes\/tema-4vientos\/images\/whatsapp.jpg\"><img loading=\"lazy\" decoding=\"async\" class=\"alignnone\" src=\"https:\/\/4viento.info\/blog\/wp-content\/themes\/tema-4vientos\/images\/boletin%20whatsapp.png\" alt=\"\" width=\"262\" height=\"355\" \/><\/a><\/p>\n<p>&nbsp;<\/p>\n<p><\/p>","protected":false},"excerpt":{"rendered":"<p>Temazcal Nahualli Coyoac\u00e1n, Ciudad de M\u00e9xico Celular y WhatsApp: 55-6693-5646. Si quieres que te enviemos mensajes sobre sabidur\u00eda ancestral, temazcal, invitaciones a ceremonias y promociones a tu whatsapp, env\u00edanos un whats a este n\u00famero, con tu nombre o apodo y el mensaje: \u201cQuiero unirme al grupo de temazcal y sabidur\u00eda [&hellip;]<\/p>\n","protected":false},"author":1,"featured_media":4970,"parent":0,"menu_order":0,"comment_status":"closed","ping_status":"closed","template":"","meta":{"footnotes":""},"class_list":["post-4969","page","type-page","status-publish","has-post-thumbnail","hentry"],"aioseo_notices":[],"_links":{"self":[{"href":"https:\/\/4viento.info\/blog\/wp-json\/wp\/v2\/pages\/4969","targetHints":{"allow":["GET"]}}],"collection":[{"href":"https:\/\/4viento.info\/blog\/wp-json\/wp\/v2\/pages"}],"about":[{"href":"https:\/\/4viento.info\/blog\/wp-json\/wp\/v2\/types\/page"}],"author":[{"embeddable":true,"href":"https:\/\/4viento.info\/blog\/wp-json\/wp\/v2\/users\/1"}],"replies":[{"embeddable":true,"href":"https:\/\/4viento.info\/blog\/wp-json\/wp\/v2\/comments?post=4969"}],"version-history":[{"count":12,"href":"https:\/\/4viento.info\/blog\/wp-json\/wp\/v2\/pages\/4969\/revisions"}],"predecessor-version":[{"id":4985,"href":"https:\/\/4viento.info\/blog\/wp-json\/wp\/v2\/pages\/4969\/revisions\/4985"}],"wp:featuredmedia":[{"embeddable":true,"href":"https:\/\/4viento.info\/blog\/wp-json\/wp\/v2\/media\/4970"}],"wp:attachment":[{"href":"https:\/\/4viento.info\/blog\/wp-json\/wp\/v2\/media?parent=4969"}],"curies":[{"name":"wp","href":"https:\/\/api.w.org\/{rel}","templated":true}]}}