{"id":4348,"date":"2015-01-20T18:08:58","date_gmt":"2015-01-21T00:08:58","guid":{"rendered":"http:\/\/4viento.info\/blog\/?page_id=4348"},"modified":"2020-06-18T10:54:28","modified_gmt":"2020-06-18T15:54:28","slug":"contacto","status":"publish","type":"page","link":"https:\/\/4viento.info\/blog\/contacto\/","title":{"rendered":"Contacto"},"content":{"rendered":"<h2>Si tiene comentarios o dudas, ser\u00e1 un placer atenderle.<\/h2>\n<p><a href=\"https:\/\/4viento.info\/blog\/wp-content\/uploads\/2015\/01\/contacto.jpg\"><img loading=\"lazy\" decoding=\"async\" class=\"  wp-image-4646 alignnone\" src=\"https:\/\/4viento.info\/blog\/wp-content\/uploads\/2015\/01\/contacto.jpg\" alt=\"contacto\" width=\"442\" height=\"276\" srcset=\"https:\/\/4viento.info\/blog\/wp-content\/uploads\/2015\/01\/contacto.jpg 445w, https:\/\/4viento.info\/blog\/wp-content\/uploads\/2015\/01\/contacto-300x187.jpg 300w\" sizes=\"auto, (max-width: 442px) 100vw, 442px\" \/><\/a><\/p>\n<p><a href=\"https:\/\/4viento.info\/blog\/wp-content\/themes\/tema-4vientos\/images\/whatsapp.jpg\" target=\"_blank\" rel=\"noopener noreferrer\"><img loading=\"lazy\" decoding=\"async\" class=\" alignnone\" src=\"https:\/\/4viento.info\/blog\/wp-content\/themes\/tema-4vientos\/images\/boletin%20whatsapp.png\" alt=\"\" width=\"262\" height=\"355\" \/><\/a><\/p>\n<h5>Tus datos est\u00e1n seguros. Ver nuestra <a href=\"https:\/\/4viento.info\/blog\/?page_id=648\" target=\"_blank\" rel=\"noopener noreferrer\">pol\u00edtica de protecci\u00f3n de datos y antispam.<\/a><\/h5>\n<p><\/p>","protected":false},"excerpt":{"rendered":"<p>Si tiene comentarios o dudas, ser\u00e1 un placer atenderle. Tus datos est\u00e1n seguros. Ver nuestra pol\u00edtica de protecci\u00f3n de datos y antispam.<\/p>\n","protected":false},"author":1,"featured_media":0,"parent":0,"menu_order":0,"comment_status":"closed","ping_status":"closed","template":"","meta":{"footnotes":""},"class_list":["post-4348","page","type-page","status-publish","hentry"],"aioseo_notices":[],"_links":{"self":[{"href":"https:\/\/4viento.info\/blog\/wp-json\/wp\/v2\/pages\/4348","targetHints":{"allow":["GET"]}}],"collection":[{"href":"https:\/\/4viento.info\/blog\/wp-json\/wp\/v2\/pages"}],"about":[{"href":"https:\/\/4viento.info\/blog\/wp-json\/wp\/v2\/types\/page"}],"author":[{"embeddable":true,"href":"https:\/\/4viento.info\/blog\/wp-json\/wp\/v2\/users\/1"}],"replies":[{"embeddable":true,"href":"https:\/\/4viento.info\/blog\/wp-json\/wp\/v2\/comments?post=4348"}],"version-history":[{"count":1,"href":"https:\/\/4viento.info\/blog\/wp-json\/wp\/v2\/pages\/4348\/revisions"}],"predecessor-version":[{"id":7004,"href":"https:\/\/4viento.info\/blog\/wp-json\/wp\/v2\/pages\/4348\/revisions\/7004"}],"wp:attachment":[{"href":"https:\/\/4viento.info\/blog\/wp-json\/wp\/v2\/media?parent=4348"}],"curies":[{"name":"wp","href":"https:\/\/api.w.org\/{rel}","templated":true}]}}